{"id":311,"date":"2025-05-25T13:01:33","date_gmt":"2025-05-25T16:01:33","guid":{"rendered":"http:\/\/kala.productions\/?page_id=311"},"modified":"2025-10-16T13:36:25","modified_gmt":"2025-10-16T16:36:25","slug":"sobre-nos","status":"publish","type":"page","link":"https:\/\/kala.productions\/en\/sobre-nos\/","title":{"rendered":"About Us"},"content":{"rendered":"<div data-elementor-type=\"wp-page\" data-elementor-id=\"311\" class=\"elementor elementor-311\" data-elementor-post-type=\"page\">\n\t\t\t\t<div class=\"elementor-element elementor-element-d8a95ad e-flex e-con-boxed e-con e-parent\" data-id=\"d8a95ad\" data-element_type=\"container\" data-settings=\"{&quot;background_background&quot;:&quot;gradient&quot;}\">\n\t\t\t\t\t<div class=\"e-con-inner\">\n\t\t\t\t<div class=\"elementor-element elementor-element-23dc382 elementor-widget__width-inherit elementor-widget elementor-widget-heading\" data-id=\"23dc382\" data-element_type=\"widget\" data-widget_type=\"heading.default\">\n\t\t\t\t\t<h1 class=\"elementor-heading-title elementor-size-default\">Our Story<\/h1>\t\t\t\t<\/div>\n\t\t\t\t\t<\/div>\n\t\t\t\t<\/div>\n\t\t<div class=\"elementor-element elementor-element-329f758 e-flex e-con-boxed e-con e-parent\" data-id=\"329f758\" data-element_type=\"container\" data-settings=\"{&quot;background_background&quot;:&quot;classic&quot;}\">\n\t\t\t\t\t<div class=\"e-con-inner\">\n\t\t<div class=\"elementor-element elementor-element-82613e7 e-con-full e-flex e-con e-child\" data-id=\"82613e7\" data-element_type=\"container\">\n\t\t\t\t<div class=\"elementor-element elementor-element-8ddf6b3 elementor-widget elementor-widget-image\" data-id=\"8ddf6b3\" data-element_type=\"widget\" data-settings=\"{&quot;motion_fx_motion_fx_mouse&quot;:&quot;yes&quot;,&quot;motion_fx_tilt_effect&quot;:&quot;yes&quot;,&quot;motion_fx_tilt_speed&quot;:{&quot;unit&quot;:&quot;px&quot;,&quot;size&quot;:1,&quot;sizes&quot;:[]}}\" data-widget_type=\"image.default\">\n\t\t\t\t\t\t\t\t\t\t\t\t\t\t\t<img fetchpriority=\"high\" decoding=\"async\" width=\"1000\" height=\"667\" src=\"https:\/\/kala.productions\/wp-content\/uploads\/2025\/04\/lion-melo-01.webp\" class=\"attachment-full size-full wp-image-96\" alt=\"\" srcset=\"https:\/\/kala.productions\/wp-content\/uploads\/2025\/04\/lion-melo-01.webp 1000w, https:\/\/kala.productions\/wp-content\/uploads\/2025\/04\/lion-melo-01-300x200.webp 300w, https:\/\/kala.productions\/wp-content\/uploads\/2025\/04\/lion-melo-01-768x512.webp 768w\" sizes=\"(max-width: 1000px) 100vw, 1000px\" \/>\t\t\t\t\t\t\t\t\t\t\t\t\t\t\t<\/div>\n\t\t\t\t<div class=\"elementor-element elementor-element-4f24ef7 elementor-widget elementor-widget-image\" data-id=\"4f24ef7\" data-element_type=\"widget\" data-settings=\"{&quot;motion_fx_motion_fx_mouse&quot;:&quot;yes&quot;,&quot;motion_fx_tilt_effect&quot;:&quot;yes&quot;,&quot;motion_fx_tilt_speed&quot;:{&quot;unit&quot;:&quot;px&quot;,&quot;size&quot;:1,&quot;sizes&quot;:[]}}\" data-widget_type=\"image.default\">\n\t\t\t\t\t\t\t\t\t\t\t\t\t\t\t<img decoding=\"async\" width=\"2000\" height=\"1747\" src=\"https:\/\/kala.productions\/wp-content\/uploads\/2025\/04\/band-concert.jpg\" class=\"attachment-full size-full wp-image-189\" alt=\"\" srcset=\"https:\/\/kala.productions\/wp-content\/uploads\/2025\/04\/band-concert.jpg 2000w, https:\/\/kala.productions\/wp-content\/uploads\/2025\/04\/band-concert-300x262.jpg 300w, https:\/\/kala.productions\/wp-content\/uploads\/2025\/04\/band-concert-1024x894.jpg 1024w, https:\/\/kala.productions\/wp-content\/uploads\/2025\/04\/band-concert-768x671.jpg 768w, https:\/\/kala.productions\/wp-content\/uploads\/2025\/04\/band-concert-1536x1342.jpg 1536w\" sizes=\"(max-width: 2000px) 100vw, 2000px\" \/>\t\t\t\t\t\t\t\t\t\t\t\t\t\t\t<\/div>\n\t\t\t\t<\/div>\n\t\t<div class=\"elementor-element elementor-element-deb4864 e-con-full e-flex e-con e-child\" data-id=\"deb4864\" data-element_type=\"container\">\n\t\t\t\t<div class=\"elementor-element elementor-element-cca595e elementor-widget elementor-widget-text-editor\" data-id=\"cca595e\" data-element_type=\"widget\" data-widget_type=\"text-editor.default\">\n\t\t\t\t\t\t\t\t\t<p>The <strong>Kala entertainment<\/strong> is an innovative company passionate about the world of entertainment, specializing in choreography creation. We produce shows, musicals, and music videos, transforming events into unforgettable experiences by combining art, emotion, and professionalism<\/p><p>We collaborate with professionals dedicated to delivering unique artistry, meticulously crafting every detail to ensure the visual identity of each performance is as impactful as its execution. This way, we guarantee a complete and memorable experience. <strong>Kala entertainment<\/strong> pode oferecer. Trabalhamos com profissionais interessados em oferecer arte com exclusividade , cuidando de cada detalhe para que a identidade visual de cada espet\u00e1culo seja t\u00e3o impactante quanto sua execu\u00e7\u00e3o desta forma podemos garantir uma experi\u00eancia completa e memor\u00e1vel.<\/p><p>With the <strong>Kala entertainment<\/strong>the music becomes movement, costumes tell stories, and the spectacle comes to life!<\/p>\t\t\t\t\t\t\t\t<\/div>\n\t\t\t\t<div class=\"elementor-element elementor-element-9745d67 elementor-align-left elementor-mobile-align-center elementor-invisible elementor-widget elementor-widget-button\" data-id=\"9745d67\" data-element_type=\"widget\" data-settings=\"{&quot;_animation&quot;:&quot;fadeInUp&quot;}\" data-widget_type=\"button.default\">\n\t\t\t\t\t\t\t\t\t\t<a class=\"elementor-button elementor-button-link elementor-size-md elementor-animation-sink\" href=\"#\">\n\t\t\t\t\t\t<span class=\"elementor-button-content-wrapper\">\n\t\t\t\t\t\t<span class=\"elementor-button-icon\">\n\t\t\t\t<svg aria-hidden=\"true\" class=\"e-font-icon-svg e-fab-whatsapp\" viewbox=\"0 0 448 512\" xmlns=\"http:\/\/www.w3.org\/2000\/svg\"><path d=\"M380.9 97.1C339 55.1 283.2 32 223.9 32c-122.4 0-222 99.6-222 222 0 39.1 10.2 77.3 29.6 111L0 480l117.7-30.9c32.4 17.7 68.9 27 106.1 27h.1c122.3 0 224.1-99.6 224.1-222 0-59.3-25.2-115-67.1-157zm-157 341.6c-33.2 0-65.7-8.9-94-25.7l-6.7-4-69.8 18.3L72 359.2l-4.4-7c-18.5-29.4-28.2-63.3-28.2-98.2 0-101.7 82.8-184.5 184.6-184.5 49.3 0 95.6 19.2 130.4 54.1 34.8 34.9 56.2 81.2 56.1 130.5 0 101.8-84.9 184.6-186.6 184.6zm101.2-138.2c-5.5-2.8-32.8-16.2-37.9-18-5.1-1.9-8.8-2.8-12.5 2.8-3.7 5.6-14.3 18-17.6 21.8-3.2 3.7-6.5 4.2-12 1.4-32.6-16.3-54-29.1-75.5-66-5.7-9.8 5.7-9.1 16.3-30.3 1.8-3.7.9-6.9-.5-9.7-1.4-2.8-12.5-30.1-17.1-41.2-4.5-10.8-9.1-9.3-12.5-9.5-3.2-.2-6.9-.2-10.6-.2-3.7 0-9.7 1.4-14.8 6.9-5.1 5.6-19.4 19-19.4 46.3 0 27.3 19.9 53.7 22.6 57.4 2.8 3.7 39.1 59.7 94.8 83.8 35.2 15.2 49 16.5 66.6 13.9 10.7-1.6 32.8-13.4 37.4-26.4 4.6-13 4.6-24.1 3.2-26.4-1.3-2.5-5-3.9-10.5-6.6z\"><\/path><\/svg>\t\t\t<\/span>\n\t\t\t\t\t\t\t\t\t<span class=\"elementor-button-text\">Begin Your Creative Journey with Kala <\/span>\n\t\t\t\t\t<\/span>\n\t\t\t\t\t<\/a>\n\t\t\t\t\t\t\t\t<\/div>\n\t\t\t\t<\/div>\n\t\t\t\t\t<\/div>\n\t\t\t\t<\/div>\n\t\t\t\t<\/div>","protected":false},"excerpt":{"rendered":"<p>Quem somos A Kala Entertainment \u00e9 uma empresa inovadora e apaixonada pelo mundo do entretenimento, especializados na cria\u00e7\u00e3o de coreografias produzimos: Shows, musicais, clipes e transformamos eventos em experi\u00eancias inesquec\u00edveis, combinando arte, emo\u00e7\u00e3o e profissionalismo. Nossa miss\u00e3o \u00e9 levar performances de alto n\u00edvel para diversas ocasi\u00f5es, sempre com criatividade, dedica\u00e7\u00e3o e um toque \u00fanico que [&hellip;]<\/p>","protected":false},"author":1,"featured_media":0,"parent":0,"menu_order":0,"comment_status":"closed","ping_status":"closed","template":"","meta":{"footnotes":""},"class_list":["post-311","page","type-page","status-publish","hentry"],"_links":{"self":[{"href":"https:\/\/kala.productions\/en\/wp-json\/wp\/v2\/pages\/311","targetHints":{"allow":["GET"]}}],"collection":[{"href":"https:\/\/kala.productions\/en\/wp-json\/wp\/v2\/pages"}],"about":[{"href":"https:\/\/kala.productions\/en\/wp-json\/wp\/v2\/types\/page"}],"author":[{"embeddable":true,"href":"https:\/\/kala.productions\/en\/wp-json\/wp\/v2\/users\/1"}],"replies":[{"embeddable":true,"href":"https:\/\/kala.productions\/en\/wp-json\/wp\/v2\/comments?post=311"}],"version-history":[{"count":25,"href":"https:\/\/kala.productions\/en\/wp-json\/wp\/v2\/pages\/311\/revisions"}],"predecessor-version":[{"id":900,"href":"https:\/\/kala.productions\/en\/wp-json\/wp\/v2\/pages\/311\/revisions\/900"}],"wp:attachment":[{"href":"https:\/\/kala.productions\/en\/wp-json\/wp\/v2\/media?parent=311"}],"curies":[{"name":"wp","href":"https:\/\/api.w.org\/{rel}","templated":true}]}}