{"id":304,"date":"2025-05-25T13:00:29","date_gmt":"2025-05-25T16:00:29","guid":{"rendered":"http:\/\/kala.productions\/?page_id=304"},"modified":"2025-10-15T13:09:51","modified_gmt":"2025-10-15T16:09:51","slug":"entretenimento-publicidade-e-marcas","status":"publish","type":"page","link":"https:\/\/kala.productions\/en\/projetos\/entretenimento-publicidade-e-marcas\/","title":{"rendered":"Advertising &amp; Brand Experiences"},"content":{"rendered":"<div data-elementor-type=\"wp-page\" data-elementor-id=\"304\" class=\"elementor elementor-304\" data-elementor-post-type=\"page\">\n\t\t\t\t<div class=\"elementor-element elementor-element-2c77161 e-flex e-con-boxed e-con e-parent\" data-id=\"2c77161\" data-element_type=\"container\" data-settings=\"{&quot;background_background&quot;:&quot;gradient&quot;}\">\n\t\t\t\t\t<div class=\"e-con-inner\">\n\t\t\t\t<div class=\"elementor-element elementor-element-6ddf4de elementor-widget__width-inherit elementor-widget elementor-widget-heading\" data-id=\"6ddf4de\" data-element_type=\"widget\" data-widget_type=\"heading.default\">\n\t\t\t\t\t<h1 class=\"elementor-heading-title elementor-size-default\">Advertising &amp; Brand Experiences<\/h1>\t\t\t\t<\/div>\n\t\t\t\t<div class=\"elementor-element elementor-element-559b002 elementor-widget__width-inherit elementor-widget elementor-widget-heading\" data-id=\"559b002\" data-element_type=\"widget\" data-widget_type=\"heading.default\">\n\t\t\t\t\t<h2 class=\"elementor-heading-title elementor-size-default\">Experiences That Connect. Results That Last<\/h2>\t\t\t\t<\/div>\n\t\t<div class=\"elementor-element elementor-element-c528f10 e-grid e-con-full e-con e-child\" data-id=\"c528f10\" data-element_type=\"container\">\n\t\t<div class=\"elementor-element elementor-element-5f907d0 e-con-full e-flex e-con e-child\" data-id=\"5f907d0\" data-element_type=\"container\">\n\t\t\t\t<div class=\"elementor-element elementor-element-1dc19fb elementor-widget elementor-widget-text-editor\" data-id=\"1dc19fb\" data-element_type=\"widget\" data-widget_type=\"text-editor.default\">\n\t\t\t\t\t\t\t\t\t<p>The <strong>Kala entertainment<\/strong>we believe true advertising isn't just about ads\u2014it's about the emotions etched into memory. Today, brands that stand out don't just talk; they captivate, engage, and surprise.<\/p><p>That\u2019s why we created our Entertainment, Advertising &amp; Brands service \u2014 a complete and innovative solution for companies ready to move beyond traditional communication and build authentic connections with their audience.<\/p><p>Whether it's a product launch, a special celebration, or any strategic occasion, we transform corporate events into unforgettable experiences. We blend live entertainment, powerful storytelling, and distinctive creativity to create moments that go viral, inspire, and generate real impact.<\/p><p>Because when a brand makes someone feel something, it\u2019s not just remembered \u2014 it makes its mark.<\/p><p>Ready to transform your brand's presence?<\/p>\t\t\t\t\t\t\t\t<\/div>\n\t\t\t\t<div class=\"elementor-element elementor-element-46c286c elementor-align-left elementor-mobile-align-center elementor-invisible elementor-widget elementor-widget-button\" data-id=\"46c286c\" data-element_type=\"widget\" data-settings=\"{&quot;_animation&quot;:&quot;fadeInUp&quot;}\" data-widget_type=\"button.default\">\n\t\t\t\t\t\t\t\t\t\t<a class=\"elementor-button elementor-button-link elementor-size-md elementor-animation-sink\" href=\"https:\/\/wppredirect.com\/go\/?p=5511972358170&#038;m=Ol%C3%A1%2C%20gostaria%20de%20mais%20informa%C3%A7%C3%B5es.\" target=\"_blank\">\n\t\t\t\t\t\t<span class=\"elementor-button-content-wrapper\">\n\t\t\t\t\t\t\t\t\t<span class=\"elementor-button-text\">Transform Your Brand Strategy<\/span>\n\t\t\t\t\t<\/span>\n\t\t\t\t\t<\/a>\n\t\t\t\t\t\t\t\t<\/div>\n\t\t\t\t<\/div>\n\t\t\t\t<div class=\"elementor-element elementor-element-ccf7363 elementor-hidden-mobile elementor-widget elementor-widget-image\" data-id=\"ccf7363\" data-element_type=\"widget\" data-widget_type=\"image.default\">\n\t\t\t\t\t\t\t\t\t\t\t\t\t\t\t<img fetchpriority=\"high\" decoding=\"async\" width=\"670\" height=\"750\" src=\"https:\/\/kala.productions\/wp-content\/uploads\/2025\/04\/figurino.webp\" class=\"attachment-full size-full wp-image-98\" alt=\"\" srcset=\"https:\/\/kala.productions\/wp-content\/uploads\/2025\/04\/figurino.webp 670w, https:\/\/kala.productions\/wp-content\/uploads\/2025\/04\/figurino-268x300.webp 268w\" sizes=\"(max-width: 670px) 100vw, 670px\" \/>\t\t\t\t\t\t\t\t\t\t\t\t\t\t\t<\/div>\n\t\t\t\t<\/div>\n\t\t\t\t\t<\/div>\n\t\t\t\t<\/div>\n\t\t<div class=\"elementor-element elementor-element-c66c64e e-flex e-con-boxed e-con e-parent\" data-id=\"c66c64e\" data-element_type=\"container\" data-settings=\"{&quot;background_background&quot;:&quot;classic&quot;}\">\n\t\t\t\t\t<div class=\"e-con-inner\">\n\t\t\t\t<div class=\"elementor-element elementor-element-4c3b0c0 elementor-widget__width-inherit gradiente elementor-widget elementor-widget-heading\" data-id=\"4c3b0c0\" data-element_type=\"widget\" data-widget_type=\"heading.default\">\n\t\t\t\t\t<h2 class=\"elementor-heading-title elementor-size-default\">Strategies That Make a Mark\n\n\n\n<\/h2>\t\t\t\t<\/div>\n\t\t\t\t<div class=\"elementor-element elementor-element-fd4ac15 elementor-widget elementor-widget-text-editor\" data-id=\"fd4ac15\" data-element_type=\"widget\" data-widget_type=\"text-editor.default\">\n\t\t\t\t\t\t\t\t\t<p>From immersing ourselves in your brand concept to executing a complete experience, our process is divided into 3 strategic stages to ensure authentic connection and tangible results.<\/p>\t\t\t\t\t\t\t\t<\/div>\n\t\t<div class=\"elementor-element elementor-element-edb01ba e-grid e-con-full e-con e-child\" data-id=\"edb01ba\" data-element_type=\"container\">\n\t\t\t\t<div class=\"elementor-element elementor-element-00cbcc5 elementor-widget elementor-widget-text-editor\" data-id=\"00cbcc5\" data-element_type=\"widget\" data-widget_type=\"text-editor.default\">\n\t\t\t\t\t\t\t\t\t<p class=\"ds-markdown-paragraph\"><strong>Immersion &amp; Concept<\/strong><\/p><p class=\"ds-markdown-paragraph\">We dive deep into your brand's essence and the event's objectives to craft a unique and strategic artistic narrative<\/p><ul><li>Establishing the Event's Core Narrative<\/li><li>We design choreography that tells your brand's story.<\/li><li>We strategically craft the reception and entire artistic experience around your purpose<\/li><\/ul>\t\t\t\t\t\t\t\t<\/div>\n\t\t\t\t<div class=\"elementor-element elementor-element-ad0a248 elementor-widget elementor-widget-text-editor\" data-id=\"ad0a248\" data-element_type=\"widget\" data-widget_type=\"text-editor.default\">\n\t\t\t\t\t\t\t\t\t<p class=\"ds-markdown-paragraph\"><strong>Creation &amp; Arts<\/strong><\/p><p class=\"ds-markdown-paragraph\">Desenvolvemos conexos entre \u00a0o movimento e a identidade visual do projeto<\/p><ul><li>We transform concept into art<\/li><li>Choreography comes to life, perfectly synchronized with the visual identity<\/li><li>Exclusive movements that tell your story<\/li><li>&#8220;Intera\u00e7\u00f5es estrat\u00e9gicas para envolver o p\u00fablico<\/li><li><p class=\"ds-markdown-paragraph\">Transforming spectators into part of the spectacle.<\/p><\/li><\/ul>\t\t\t\t\t\t\t\t<\/div>\n\t\t\t\t<div class=\"elementor-element elementor-element-d52708f elementor-widget elementor-widget-text-editor\" data-id=\"d52708f\" data-element_type=\"widget\" data-widget_type=\"text-editor.default\">\n\t\t\t\t\t\t\t\t\t<p class=\"ds-markdown-paragraph\"><strong>Execution &amp; Impact<\/strong><\/p><p class=\"ds-markdown-paragraph\">Our execution phase, where strategy transforms into tangible experiences and measurable results<\/p><ul><li>We implement pre-event actions that spark curiosity.\u00a0<\/li><li>We stage choreographies developed in partnership with our clients.<\/li><li>We delight guests from the moment they arrive.<\/li><li>We showcase signature costume designs created in-house<strong>\u00a0<\/strong><\/li><li>We engage the audience through strategic interactions, turning spectators into active participants in the narrative<\/li><\/ul>\t\t\t\t\t\t\t\t<\/div>\n\t\t\t\t<\/div>\n\t\t<div class=\"elementor-element elementor-element-2352937 e-grid e-con-full e-con e-child\" data-id=\"2352937\" data-element_type=\"container\">\n\t\t\t\t<div class=\"elementor-element elementor-element-20d2adf elementor-widget elementor-widget-video\" data-id=\"20d2adf\" data-element_type=\"widget\" data-settings=\"{&quot;youtube_url&quot;:&quot;https:\\\/\\\/youtu.be\\\/FmMxLjujXhg&quot;,&quot;video_type&quot;:&quot;youtube&quot;,&quot;controls&quot;:&quot;yes&quot;}\" data-widget_type=\"video.default\">\n\t\t\t\t\t\t\t<div class=\"elementor-wrapper elementor-open-inline\">\n\t\t\t<div class=\"elementor-video\"><\/div>\t\t<\/div>\n\t\t\t\t\t\t<\/div>\n\t\t\t\t<div class=\"elementor-element elementor-element-eac51ec elementor-widget elementor-widget-video\" data-id=\"eac51ec\" data-element_type=\"widget\" data-settings=\"{&quot;youtube_url&quot;:&quot;https:\\\/\\\/youtu.be\\\/WOmMGx34PFA&quot;,&quot;video_type&quot;:&quot;youtube&quot;,&quot;controls&quot;:&quot;yes&quot;}\" data-widget_type=\"video.default\">\n\t\t\t\t\t\t\t<div class=\"elementor-wrapper elementor-open-inline\">\n\t\t\t<div class=\"elementor-video\"><\/div>\t\t<\/div>\n\t\t\t\t\t\t<\/div>\n\t\t\t\t<div class=\"elementor-element elementor-element-86656c9 elementor-widget elementor-widget-video\" data-id=\"86656c9\" data-element_type=\"widget\" data-settings=\"{&quot;youtube_url&quot;:&quot;https:\\\/\\\/youtu.be\\\/DhZj_oH35gI&quot;,&quot;video_type&quot;:&quot;youtube&quot;,&quot;controls&quot;:&quot;yes&quot;}\" data-widget_type=\"video.default\">\n\t\t\t\t\t\t\t<div class=\"elementor-wrapper elementor-open-inline\">\n\t\t\t<div class=\"elementor-video\"><\/div>\t\t<\/div>\n\t\t\t\t\t\t<\/div>\n\t\t\t\t<\/div>\n\t\t\t\t<div class=\"elementor-element elementor-element-1fa30df elementor-align-center elementor-mobile-align-center elementor-widget__width-inherit elementor-invisible elementor-widget elementor-widget-button\" data-id=\"1fa30df\" data-element_type=\"widget\" data-settings=\"{&quot;_animation&quot;:&quot;fadeInUp&quot;}\" data-widget_type=\"button.default\">\n\t\t\t\t\t\t\t\t\t\t<a class=\"elementor-button elementor-button-link elementor-size-md elementor-animation-sink\" href=\"https:\/\/wppredirect.com\/go\/?p=5511972358170&#038;m=Ol%C3%A1%2C%20gostaria%20de%20mais%20informa%C3%A7%C3%B5es.\" target=\"_blank\">\n\t\t\t\t\t\t<span class=\"elementor-button-content-wrapper\">\n\t\t\t\t\t\t\t\t\t<span class=\"elementor-button-text\">Let's Create Your Universe. Start the Conversation.<\/span>\n\t\t\t\t\t<\/span>\n\t\t\t\t\t<\/a>\n\t\t\t\t\t\t\t\t<\/div>\n\t\t\t\t\t<\/div>\n\t\t\t\t<\/div>\n\t\t<div class=\"elementor-element elementor-element-b4d1131 e-flex e-con-boxed e-con e-parent\" data-id=\"b4d1131\" data-element_type=\"container\" data-settings=\"{&quot;background_background&quot;:&quot;gradient&quot;}\">\n\t\t\t\t\t<div class=\"e-con-inner\">\n\t\t\t\t<div class=\"elementor-element elementor-element-7b2a922 elementor-widget__width-inherit elementor-widget elementor-widget-heading\" data-id=\"7b2a922\" data-element_type=\"widget\" data-widget_type=\"heading.default\">\n\t\t\t\t\t<h2 class=\"elementor-heading-title elementor-size-default\">Why Choose Us\n<\/h2>\t\t\t\t<\/div>\n\t\t<div class=\"elementor-element elementor-element-3677cb5 e-grid e-con-full e-con e-child\" data-id=\"3677cb5\" data-element_type=\"container\">\n\t\t\t\t<div class=\"elementor-element elementor-element-961ae85 elementor-widget elementor-widget-icon-box\" data-id=\"961ae85\" data-element_type=\"widget\" data-widget_type=\"icon-box.default\">\n\t\t\t\t\t\t\t<div class=\"elementor-icon-box-wrapper\">\n\n\t\t\t\n\t\t\t\t\t\t<div class=\"elementor-icon-box-content\">\n\n\t\t\t\t\t\t\t\t\t<h3 class=\"elementor-icon-box-title\">\n\t\t\t\t\t\t<span  >\n\t\t\t\t\t\t\tExpertise em arte e marketing juntos\t\t\t\t\t\t<\/span>\n\t\t\t\t\t<\/h3>\n\t\t\t\t\n\t\t\t\t\t\t\t\t\t<p class=\"elementor-icon-box-description\">\n\t\t\t\t\t\tSomos uma produtora de eventos com DNA art\u00edstico e vis\u00e3o de marca. Nossa equipe une criatividade c\u00eanica, linguagem publicit\u00e1ria e estrat\u00e9gias de engajamento.\n\n\t\t\t\t\t<\/p>\n\t\t\t\t\n\t\t\t<\/div>\n\t\t\t\n\t\t<\/div>\n\t\t\t\t\t\t<\/div>\n\t\t\t\t<div class=\"elementor-element elementor-element-2ed17b7 elementor-widget elementor-widget-icon-box\" data-id=\"2ed17b7\" data-element_type=\"widget\" data-widget_type=\"icon-box.default\">\n\t\t\t\t\t\t\t<div class=\"elementor-icon-box-wrapper\">\n\n\t\t\t\n\t\t\t\t\t\t<div class=\"elementor-icon-box-content\">\n\n\t\t\t\t\t\t\t\t\t<h3 class=\"elementor-icon-box-title\">\n\t\t\t\t\t\t<span  >\n\t\t\t\t\t\t\tExperi\u00eancias que viram conte\u00fado\t\t\t\t\t\t<\/span>\n\t\t\t\t\t<\/h3>\n\t\t\t\t\n\t\t\t\t\t\t\t\t\t<p class=\"elementor-icon-box-description\">\n\t\t\t\t\t\tTudo o que criamos \u00e9 pensado para gerar repercuss\u00e3o, seja em eventos ao vivo ou nas redes sociais. Criamos a\u00e7\u00f5es que valem um post, uma lembran\u00e7a e um \u201cuau\u201d.\t\t\t\t\t<\/p>\n\t\t\t\t\n\t\t\t<\/div>\n\t\t\t\n\t\t<\/div>\n\t\t\t\t\t\t<\/div>\n\t\t\t\t<div class=\"elementor-element elementor-element-a9b27e2 elementor-widget elementor-widget-icon-box\" data-id=\"a9b27e2\" data-element_type=\"widget\" data-widget_type=\"icon-box.default\">\n\t\t\t\t\t\t\t<div class=\"elementor-icon-box-wrapper\">\n\n\t\t\t\n\t\t\t\t\t\t<div class=\"elementor-icon-box-content\">\n\n\t\t\t\t\t\t\t\t\t<h3 class=\"elementor-icon-box-title\">\n\t\t\t\t\t\t<span  >\n\t\t\t\t\t\t\tCria\u00e7\u00e3o 100% personalizada\t\t\t\t\t\t<\/span>\n\t\t\t\t\t<\/h3>\n\t\t\t\t\n\t\t\t\t\t\t\t\t\t<p class=\"elementor-icon-box-description\">\n\t\t\t\t\t\tCada marca tem sua ess\u00eancia. E cada projeto \u00e9 feito sob medida, com identidade visual, narrativa e estilo pr\u00f3prios. Sem f\u00f3rmulas prontas. Com alma, conceito e dire\u00e7\u00e3o.\t\t\t\t\t<\/p>\n\t\t\t\t\n\t\t\t<\/div>\n\t\t\t\n\t\t<\/div>\n\t\t\t\t\t\t<\/div>\n\t\t\t\t<div class=\"elementor-element elementor-element-276f6a5 elementor-widget elementor-widget-icon-box\" data-id=\"276f6a5\" data-element_type=\"widget\" data-widget_type=\"icon-box.default\">\n\t\t\t\t\t\t\t<div class=\"elementor-icon-box-wrapper\">\n\n\t\t\t\n\t\t\t\t\t\t<div class=\"elementor-icon-box-content\">\n\n\t\t\t\t\t\t\t\t\t<h3 class=\"elementor-icon-box-title\">\n\t\t\t\t\t\t<span  >\n\t\t\t\t\t\t\tIntegrated creative collective\t\t\t\t\t\t<\/span>\n\t\t\t\t\t<\/h3>\n\t\t\t\t\n\t\t\t\t\t\t\t\t\t<p class=\"elementor-icon-box-description\">\n\t\t\t\t\t\tFigurinistas, diretores criativos, performers, roteiristas, produtores, artistas visuais, cen\u00f3grafos, social media e designers trabalhando juntos para uma entrega completa.\t\t\t\t\t<\/p>\n\t\t\t\t\n\t\t\t<\/div>\n\t\t\t\n\t\t<\/div>\n\t\t\t\t\t\t<\/div>\n\t\t\t\t<div class=\"elementor-element elementor-element-963919c elementor-widget elementor-widget-icon-box\" data-id=\"963919c\" data-element_type=\"widget\" data-widget_type=\"icon-box.default\">\n\t\t\t\t\t\t\t<div class=\"elementor-icon-box-wrapper\">\n\n\t\t\t\n\t\t\t\t\t\t<div class=\"elementor-icon-box-content\">\n\n\t\t\t\t\t\t\t\t\t<h3 class=\"elementor-icon-box-title\">\n\t\t\t\t\t\t<span  >\n\t\t\t\t\t\t\tFoco em resultado e percep\u00e7\u00e3o de valor\t\t\t\t\t\t<\/span>\n\t\t\t\t\t<\/h3>\n\t\t\t\t\n\t\t\t\t\t\t\t\t\t<p class=\"elementor-icon-box-description\">\n\t\t\t\t\t\tA performance encanta, mas tamb\u00e9m comunica. Criamos a\u00e7\u00f5es alinhadas com os objetivos da marca, com mensura\u00e7\u00e3o de impacto, presen\u00e7a digital e retorno afetivo do p\u00fablico.\t\t\t\t\t<\/p>\n\t\t\t\t\n\t\t\t<\/div>\n\t\t\t\n\t\t<\/div>\n\t\t\t\t\t\t<\/div>\n\t\t<a class=\"elementor-element elementor-element-5f445be e-con-full e-flex e-con e-child\" data-id=\"5f445be\" data-element_type=\"container\" data-settings=\"{&quot;background_background&quot;:&quot;classic&quot;}\" href=\"https:\/\/wppredirect.com\/go\/?p=5511972358170&#038;m=Ol%C3%A1%2C%20gostaria%20de%20mais%20informa%C3%A7%C3%B5es.\" target=\"_blank\">\n\t\t\t\t<div class=\"elementor-element elementor-element-6e1a45e elementor-view-default elementor-widget elementor-widget-icon\" data-id=\"6e1a45e\" data-element_type=\"widget\" data-widget_type=\"icon.default\">\n\t\t\t\t\t\t\t<div class=\"elementor-icon-wrapper\">\n\t\t\t<div class=\"elementor-icon\">\n\t\t\t<svg aria-hidden=\"true\" class=\"e-font-icon-svg e-fab-whatsapp\" viewbox=\"0 0 448 512\" xmlns=\"http:\/\/www.w3.org\/2000\/svg\"><path d=\"M380.9 97.1C339 55.1 283.2 32 223.9 32c-122.4 0-222 99.6-222 222 0 39.1 10.2 77.3 29.6 111L0 480l117.7-30.9c32.4 17.7 68.9 27 106.1 27h.1c122.3 0 224.1-99.6 224.1-222 0-59.3-25.2-115-67.1-157zm-157 341.6c-33.2 0-65.7-8.9-94-25.7l-6.7-4-69.8 18.3L72 359.2l-4.4-7c-18.5-29.4-28.2-63.3-28.2-98.2 0-101.7 82.8-184.5 184.6-184.5 49.3 0 95.6 19.2 130.4 54.1 34.8 34.9 56.2 81.2 56.1 130.5 0 101.8-84.9 184.6-186.6 184.6zm101.2-138.2c-5.5-2.8-32.8-16.2-37.9-18-5.1-1.9-8.8-2.8-12.5 2.8-3.7 5.6-14.3 18-17.6 21.8-3.2 3.7-6.5 4.2-12 1.4-32.6-16.3-54-29.1-75.5-66-5.7-9.8 5.7-9.1 16.3-30.3 1.8-3.7.9-6.9-.5-9.7-1.4-2.8-12.5-30.1-17.1-41.2-4.5-10.8-9.1-9.3-12.5-9.5-3.2-.2-6.9-.2-10.6-.2-3.7 0-9.7 1.4-14.8 6.9-5.1 5.6-19.4 19-19.4 46.3 0 27.3 19.9 53.7 22.6 57.4 2.8 3.7 39.1 59.7 94.8 83.8 35.2 15.2 49 16.5 66.6 13.9 10.7-1.6 32.8-13.4 37.4-26.4 4.6-13 4.6-24.1 3.2-26.4-1.3-2.5-5-3.9-10.5-6.6z\"><\/path><\/svg>\t\t\t<\/div>\n\t\t<\/div>\n\t\t\t\t\t\t<\/div>\n\t\t\t\t<div class=\"elementor-element elementor-element-2716158 elementor-widget elementor-widget-heading\" data-id=\"2716158\" data-element_type=\"widget\" data-widget_type=\"heading.default\">\n\t\t\t\t\t<h3 class=\"elementor-heading-title elementor-size-default\">Let's Create Your Universe. Start the Conversation.<\/h3>\t\t\t\t<\/div>\n\t\t\t\t<\/a>\n\t\t\t\t<\/div>\n\t\t\t\t\t<\/div>\n\t\t\t\t<\/div>\n\t\t<div class=\"elementor-element elementor-element-38bdab7 e-flex e-con-boxed e-con e-parent\" data-id=\"38bdab7\" data-element_type=\"container\">\n\t\t\t\t\t<div class=\"e-con-inner\">\n\t\t\t\t<div class=\"elementor-element elementor-element-13b3275 elementor-widget__width-inherit gradiente elementor-widget elementor-widget-heading\" data-id=\"13b3275\" data-element_type=\"widget\" data-widget_type=\"heading.default\">\n\t\t\t\t\t<h2 class=\"elementor-heading-title elementor-size-default\">Pronto para transformar sua marca em espet\u00e1culo?<\/h2>\t\t\t\t<\/div>\n\t\t\t\t<div class=\"elementor-element elementor-element-26a4889 elementor-widget elementor-widget-text-editor\" data-id=\"26a4889\" data-element_type=\"widget\" data-widget_type=\"text-editor.default\">\n\t\t\t\t\t\t\t\t\t<p>The <strong>Kala entertainment<\/strong>, sua campanha vira performance.<br \/>Sua ideia vira cena, seu p\u00fablico vira f\u00e3.<\/p><p>Se voc\u00ea quer dar vida \u00e0 sua mensagem com arte, surpreender com originalidade e criar experi\u00eancias que geram resultado, fale com a gente.<\/p>\t\t\t\t\t\t\t\t<\/div>\n\t\t\t\t<div class=\"elementor-element elementor-element-eed2b75 elementor-align-center elementor-mobile-align-center elementor-widget__width-inherit elementor-invisible elementor-widget elementor-widget-button\" data-id=\"eed2b75\" data-element_type=\"widget\" data-settings=\"{&quot;_animation&quot;:&quot;fadeInUp&quot;}\" data-widget_type=\"button.default\">\n\t\t\t\t\t\t\t\t\t\t<a class=\"elementor-button elementor-button-link elementor-size-md elementor-animation-sink\" href=\"https:\/\/wppredirect.com\/go\/?p=5511972358170&#038;m=Ol%C3%A1%2C%20gostaria%20de%20mais%20informa%C3%A7%C3%B5es.\" target=\"_blank\">\n\t\t\t\t\t\t<span class=\"elementor-button-content-wrapper\">\n\t\t\t\t\t\t\t\t\t<span class=\"elementor-button-text\">Crie uma Experi\u00eancia Inesquec\u00edvel<\/span>\n\t\t\t\t\t<\/span>\n\t\t\t\t\t<\/a>\n\t\t\t\t\t\t\t\t<\/div>\n\t\t\t\t\t<\/div>\n\t\t\t\t<\/div>\n\t\t\t\t<\/div>","protected":false},"excerpt":{"rendered":"<p>Entretenimento, Publicidade e Marcas Experi\u00eancias Que Conectam. Resultados Que Permanecem. Na Kala Entertainment, acreditamos que a verdadeira publicidade n\u00e3o est\u00e1 apenas nos an\u00fancios, mas nas emo\u00e7\u00f5es que ficam gravadas na mem\u00f3ria . Hoje, marcas que se destacam n\u00e3o s\u00f3 falam \u2014 elas encantam, envolvem e surpreendem . \u00c9 por isso que criamos o servi\u00e7o Entretenimento, [&hellip;]<\/p>","protected":false},"author":1,"featured_media":0,"parent":294,"menu_order":0,"comment_status":"closed","ping_status":"closed","template":"","meta":{"footnotes":""},"class_list":["post-304","page","type-page","status-publish","hentry"],"_links":{"self":[{"href":"https:\/\/kala.productions\/en\/wp-json\/wp\/v2\/pages\/304","targetHints":{"allow":["GET"]}}],"collection":[{"href":"https:\/\/kala.productions\/en\/wp-json\/wp\/v2\/pages"}],"about":[{"href":"https:\/\/kala.productions\/en\/wp-json\/wp\/v2\/types\/page"}],"author":[{"embeddable":true,"href":"https:\/\/kala.productions\/en\/wp-json\/wp\/v2\/users\/1"}],"replies":[{"embeddable":true,"href":"https:\/\/kala.productions\/en\/wp-json\/wp\/v2\/comments?post=304"}],"version-history":[{"count":67,"href":"https:\/\/kala.productions\/en\/wp-json\/wp\/v2\/pages\/304\/revisions"}],"predecessor-version":[{"id":895,"href":"https:\/\/kala.productions\/en\/wp-json\/wp\/v2\/pages\/304\/revisions\/895"}],"up":[{"embeddable":true,"href":"https:\/\/kala.productions\/en\/wp-json\/wp\/v2\/pages\/294"}],"wp:attachment":[{"href":"https:\/\/kala.productions\/en\/wp-json\/wp\/v2\/media?parent=304"}],"curies":[{"name":"wp","href":"https:\/\/api.w.org\/{rel}","templated":true}]}}