{"id":297,"date":"2025-05-25T12:57:45","date_gmt":"2025-05-25T15:57:45","guid":{"rendered":"http:\/\/kala.productions\/?page_id=297"},"modified":"2025-09-27T19:03:44","modified_gmt":"2025-09-27T22:03:44","slug":"producao-de-espetaculos-e-entretenimento","status":"publish","type":"page","link":"https:\/\/kala.productions\/en\/projetos\/producao-de-espetaculos-e-entretenimento\/","title":{"rendered":"Immersive Entertainment &amp; Spectacle Production"},"content":{"rendered":"<div data-elementor-type=\"wp-page\" data-elementor-id=\"297\" class=\"elementor elementor-297\" data-elementor-post-type=\"page\">\n\t\t\t\t<div class=\"elementor-element elementor-element-3e59100 e-flex e-con-boxed e-con e-parent\" data-id=\"3e59100\" data-element_type=\"container\" data-settings=\"{&quot;background_background&quot;:&quot;gradient&quot;}\">\n\t\t\t\t\t<div class=\"e-con-inner\">\n\t\t\t\t<div class=\"elementor-element elementor-element-c3b03bd elementor-widget__width-inherit elementor-widget elementor-widget-heading\" data-id=\"c3b03bd\" data-element_type=\"widget\" data-widget_type=\"heading.default\">\n\t\t\t\t\t<h1 class=\"elementor-heading-title elementor-size-default\">Immersive Entertainment &amp; Spectacle Production<\/h1>\t\t\t\t<\/div>\n\t\t\t\t<div class=\"elementor-element elementor-element-75fc208 elementor-widget__width-inherit elementor-widget elementor-widget-heading\" data-id=\"75fc208\" data-element_type=\"widget\" data-widget_type=\"heading.default\">\n\t\t\t\t\t<h2 class=\"elementor-heading-title elementor-size-default\">The Magic Begins When The Lights Dim.<\/h2>\t\t\t\t<\/div>\n\t\t<div class=\"elementor-element elementor-element-c5a2717 e-grid e-con-full e-con e-child\" data-id=\"c5a2717\" data-element_type=\"container\">\n\t\t<div class=\"elementor-element elementor-element-9858dc3 e-con-full e-flex e-con e-child\" data-id=\"9858dc3\" data-element_type=\"container\">\n\t\t\t\t<div class=\"elementor-element elementor-element-0484650 elementor-widget elementor-widget-text-editor\" data-id=\"0484650\" data-element_type=\"widget\" data-widget_type=\"text-editor.default\">\n\t\t\t\t\t\t\t\t\t<p>The <strong>Kala entertainment<\/strong>We don't just produce shows; we create moments etched into memory. Stories that move you and experiences that send shivers down your spine.<\/p><p>Here, every idea comes to life. Every dream transforms into a show, and every production is unique\u2014just like the audience who experiences it.<\/p><p>Through our Entertainment and Spectacle Production services, we deliver complete, personalized, and unforgettable projects.<\/p><p>As hospitality industry experts, we blend impeccable technique, creativity, and genuine emotion to craft unforgettable experiences \u2014 whether it's a family moment, a special celebration, or a dream vacation with friends<\/p><p>Because we believe a show doesn't just captivate. It transforms those who watch it.\u00a0<\/p><p>Every project is a masterpiece. Every detail, a signature. Every show, a new story to tell.<\/p>\t\t\t\t\t\t\t\t<\/div>\n\t\t\t\t<div class=\"elementor-element elementor-element-67fed13 elementor-align-left elementor-mobile-align-center elementor-invisible elementor-widget elementor-widget-button\" data-id=\"67fed13\" data-element_type=\"widget\" data-settings=\"{&quot;_animation&quot;:&quot;fadeInUp&quot;}\" data-widget_type=\"button.default\">\n\t\t\t\t\t\t\t\t\t\t<a class=\"elementor-button elementor-button-link elementor-size-md elementor-animation-sink\" href=\"https:\/\/wppredirect.com\/go\/?p=5511972358170&#038;m=Ol%C3%A1%2C%20gostaria%20de%20mais%20informa%C3%A7%C3%B5es.\" target=\"_blank\">\n\t\t\t\t\t\t<span class=\"elementor-button-content-wrapper\">\n\t\t\t\t\t\t<span class=\"elementor-button-icon\">\n\t\t\t\t<svg aria-hidden=\"true\" class=\"e-font-icon-svg e-fab-whatsapp\" viewbox=\"0 0 448 512\" xmlns=\"http:\/\/www.w3.org\/2000\/svg\"><path d=\"M380.9 97.1C339 55.1 283.2 32 223.9 32c-122.4 0-222 99.6-222 222 0 39.1 10.2 77.3 29.6 111L0 480l117.7-30.9c32.4 17.7 68.9 27 106.1 27h.1c122.3 0 224.1-99.6 224.1-222 0-59.3-25.2-115-67.1-157zm-157 341.6c-33.2 0-65.7-8.9-94-25.7l-6.7-4-69.8 18.3L72 359.2l-4.4-7c-18.5-29.4-28.2-63.3-28.2-98.2 0-101.7 82.8-184.5 184.6-184.5 49.3 0 95.6 19.2 130.4 54.1 34.8 34.9 56.2 81.2 56.1 130.5 0 101.8-84.9 184.6-186.6 184.6zm101.2-138.2c-5.5-2.8-32.8-16.2-37.9-18-5.1-1.9-8.8-2.8-12.5 2.8-3.7 5.6-14.3 18-17.6 21.8-3.2 3.7-6.5 4.2-12 1.4-32.6-16.3-54-29.1-75.5-66-5.7-9.8 5.7-9.1 16.3-30.3 1.8-3.7.9-6.9-.5-9.7-1.4-2.8-12.5-30.1-17.1-41.2-4.5-10.8-9.1-9.3-12.5-9.5-3.2-.2-6.9-.2-10.6-.2-3.7 0-9.7 1.4-14.8 6.9-5.1 5.6-19.4 19-19.4 46.3 0 27.3 19.9 53.7 22.6 57.4 2.8 3.7 39.1 59.7 94.8 83.8 35.2 15.2 49 16.5 66.6 13.9 10.7-1.6 32.8-13.4 37.4-26.4 4.6-13 4.6-24.1 3.2-26.4-1.3-2.5-5-3.9-10.5-6.6z\"><\/path><\/svg>\t\t\t<\/span>\n\t\t\t\t\t\t\t\t\t<span class=\"elementor-button-text\">Let's Create Your Spectacle!<\/span>\n\t\t\t\t\t<\/span>\n\t\t\t\t\t<\/a>\n\t\t\t\t\t\t\t\t<\/div>\n\t\t\t\t<\/div>\n\t\t\t\t<div class=\"elementor-element elementor-element-c180eb0 elementor-hidden-mobile elementor-widget elementor-widget-image\" data-id=\"c180eb0\" data-element_type=\"widget\" data-widget_type=\"image.default\">\n\t\t\t\t\t\t\t\t\t\t\t\t\t\t\t<img fetchpriority=\"high\" decoding=\"async\" width=\"670\" height=\"750\" src=\"https:\/\/kala.productions\/wp-content\/uploads\/2025\/04\/figurino.webp\" class=\"attachment-full size-full wp-image-98\" alt=\"\" srcset=\"https:\/\/kala.productions\/wp-content\/uploads\/2025\/04\/figurino.webp 670w, https:\/\/kala.productions\/wp-content\/uploads\/2025\/04\/figurino-268x300.webp 268w\" sizes=\"(max-width: 670px) 100vw, 670px\" \/>\t\t\t\t\t\t\t\t\t\t\t\t\t\t\t<\/div>\n\t\t\t\t<\/div>\n\t\t\t\t\t<\/div>\n\t\t\t\t<\/div>\n\t\t<div class=\"elementor-element elementor-element-3c7c429 e-flex e-con-boxed e-con e-parent\" data-id=\"3c7c429\" data-element_type=\"container\" data-settings=\"{&quot;background_background&quot;:&quot;classic&quot;}\">\n\t\t\t\t\t<div class=\"e-con-inner\">\n\t\t\t\t<div class=\"elementor-element elementor-element-e2ce60e elementor-widget__width-inherit gradiente elementor-widget elementor-widget-heading\" data-id=\"e2ce60e\" data-element_type=\"widget\" data-widget_type=\"heading.default\">\n\t\t\t\t\t<h2 class=\"elementor-heading-title elementor-size-default\">Da Ideia ao Espet\u00e1culo: Nossa Jornada<\/h2>\t\t\t\t<\/div>\n\t\t\t\t<div class=\"elementor-element elementor-element-157982c elementor-widget__width-inherit elementor-widget elementor-widget-heading\" data-id=\"157982c\" data-element_type=\"widget\" data-widget_type=\"heading.default\">\n\t\t\t\t\t<h3 class=\"elementor-heading-title elementor-size-default\">From Concept to Curtain Call: We're With You At Every Step of The Creative Journey.<\/h3>\t\t\t\t<\/div>\n\t\t\t\t<div class=\"elementor-element elementor-element-5d32b4e elementor-widget elementor-widget-text-editor\" data-id=\"5d32b4e\" data-element_type=\"widget\" data-widget_type=\"text-editor.default\">\n\t\t\t\t\t\t\t\t\t<p>Our creations begin with listening. We attune to your vision, the event's story, and the essence of your audience to compose a uniquely moving artistic experience<\/p>\t\t\t\t\t\t\t\t<\/div>\n\t\t<div class=\"elementor-element elementor-element-820908e e-grid e-con-full e-con e-child\" data-id=\"820908e\" data-element_type=\"container\">\n\t\t\t\t<div class=\"elementor-element elementor-element-ddd6694 elementor-widget elementor-widget-text-editor\" data-id=\"ddd6694\" data-element_type=\"widget\" data-widget_type=\"text-editor.default\">\n\t\t\t\t\t\t\t\t\t<p><strong>Signature &amp; Themed Spectacles<\/strong><\/p><p>We believe a great spectacle begins with a powerful idea.<\/p><ul><li>We develop the script from scratch or refine and enhance existing concepts.<\/li><li>We create immersive universes, from the soundtrack to the scenography.<\/li><li>We move you with unique choreographies.<\/li><\/ul>\t\t\t\t\t\t\t\t<\/div>\n\t\t\t\t<div class=\"elementor-element elementor-element-bdd7973 elementor-widget elementor-widget-text-editor\" data-id=\"bdd7973\" data-element_type=\"widget\" data-widget_type=\"text-editor.default\">\n\t\t\t\t\t\t\t\t\t<p><strong>Entertainment for Events &amp; Corporations<\/strong><\/p><p>Every event is a unique opportunity for connection. That's why we develop tailored solutions for every occasion:<\/p><ul><li>We create fully customized flash mobs and artistic interventions<\/li><li>From product launches to award ceremonies, we operate with creativity and elegance.<\/li><li>We design year-end parties and corporate gatherings that go beyond dinner and music.<\/li><\/ul>\t\t\t\t\t\t\t\t<\/div>\n\t\t\t\t<div class=\"elementor-element elementor-element-7dca89b elementor-widget elementor-widget-text-editor\" data-id=\"7dca89b\" data-element_type=\"widget\" data-widget_type=\"text-editor.default\">\n\t\t\t\t\t\t\t\t\t<p><strong>Conceptual Creation &amp; Experience Direction<\/strong><\/p><p>We are specialists in Spectacles. From the initial idea to the final emotion: we create concepts that inspire, and direct experiences that remain in memory<\/p><ul><li><p class=\"ds-markdown-paragraph\">Holistic Art Direction: We meticulously manage every visual element \u2013 from costumes and sets to lighting \u2013 building a cohesive, immersive world.<\/p><\/li><li>Deep Brand Integration: We immerse ourselves in your company's core identity to develop a truly authentic and powerful creative concept.<\/li><\/ul>\t\t\t\t\t\t\t\t<\/div>\n\t\t\t\t<\/div>\n\t\t<div class=\"elementor-element elementor-element-8c71f29 e-grid e-con-full e-con e-child\" data-id=\"8c71f29\" data-element_type=\"container\">\n\t\t\t\t<div class=\"elementor-element elementor-element-01357bf elementor-widget elementor-widget-video\" data-id=\"01357bf\" data-element_type=\"widget\" data-settings=\"{&quot;youtube_url&quot;:&quot;https:\\\/\\\/youtu.be\\\/Myxuz_1fLz0&quot;,&quot;video_type&quot;:&quot;youtube&quot;,&quot;controls&quot;:&quot;yes&quot;}\" data-widget_type=\"video.default\">\n\t\t\t\t\t\t\t<div class=\"elementor-wrapper elementor-open-inline\">\n\t\t\t<div class=\"elementor-video\"><\/div>\t\t<\/div>\n\t\t\t\t\t\t<\/div>\n\t\t\t\t<div class=\"elementor-element elementor-element-ec2e89a elementor-widget elementor-widget-video\" data-id=\"ec2e89a\" data-element_type=\"widget\" data-settings=\"{&quot;youtube_url&quot;:&quot;https:\\\/\\\/youtu.be\\\/i1s27Mh52jo&quot;,&quot;video_type&quot;:&quot;youtube&quot;,&quot;controls&quot;:&quot;yes&quot;}\" data-widget_type=\"video.default\">\n\t\t\t\t\t\t\t<div class=\"elementor-wrapper elementor-open-inline\">\n\t\t\t<div class=\"elementor-video\"><\/div>\t\t<\/div>\n\t\t\t\t\t\t<\/div>\n\t\t\t\t<div class=\"elementor-element elementor-element-2144e4d elementor-widget elementor-widget-video\" data-id=\"2144e4d\" data-element_type=\"widget\" data-settings=\"{&quot;youtube_url&quot;:&quot;https:\\\/\\\/youtube.com\\\/shorts\\\/QCH8gwkGJ0Y?feature=share&quot;,&quot;video_type&quot;:&quot;youtube&quot;,&quot;controls&quot;:&quot;yes&quot;}\" data-widget_type=\"video.default\">\n\t\t\t\t\t\t\t<div class=\"elementor-wrapper elementor-open-inline\">\n\t\t\t<div class=\"elementor-video\"><\/div>\t\t<\/div>\n\t\t\t\t\t\t<\/div>\n\t\t\t\t<\/div>\n\t\t\t\t<div class=\"elementor-element elementor-element-8390150 elementor-align-center elementor-mobile-align-center elementor-widget__width-inherit elementor-invisible elementor-widget elementor-widget-button\" data-id=\"8390150\" data-element_type=\"widget\" data-settings=\"{&quot;_animation&quot;:&quot;fadeInUp&quot;}\" data-widget_type=\"button.default\">\n\t\t\t\t\t\t\t\t\t\t<a class=\"elementor-button elementor-button-link elementor-size-md elementor-animation-sink\" href=\"https:\/\/wppredirect.com\/go\/?p=5511972358170&#038;m=Ol%C3%A1%2C%20gostaria%20de%20mais%20informa%C3%A7%C3%B5es.\" target=\"_blank\">\n\t\t\t\t\t\t<span class=\"elementor-button-content-wrapper\">\n\t\t\t\t\t\t\t\t\t<span class=\"elementor-button-text\">Let's Create Your Universe. Start the Conversation.<\/span>\n\t\t\t\t\t<\/span>\n\t\t\t\t\t<\/a>\n\t\t\t\t\t\t\t\t<\/div>\n\t\t\t\t\t<\/div>\n\t\t\t\t<\/div>\n\t\t<div class=\"elementor-element elementor-element-320a7f6 e-flex e-con-boxed e-con e-parent\" data-id=\"320a7f6\" data-element_type=\"container\" data-settings=\"{&quot;background_background&quot;:&quot;gradient&quot;}\">\n\t\t\t\t\t<div class=\"e-con-inner\">\n\t\t\t\t<div class=\"elementor-element elementor-element-8abbb37 elementor-widget__width-inherit elementor-widget elementor-widget-heading\" data-id=\"8abbb37\" data-element_type=\"widget\" data-widget_type=\"heading.default\">\n\t\t\t\t\t<h2 class=\"elementor-heading-title elementor-size-default\">Why Choose Us\n<\/h2>\t\t\t\t<\/div>\n\t\t<div class=\"elementor-element elementor-element-80ec3b6 e-grid e-con-full e-con e-child\" data-id=\"80ec3b6\" data-element_type=\"container\">\n\t\t\t\t<div class=\"elementor-element elementor-element-34997b1 elementor-widget elementor-widget-icon-box\" data-id=\"34997b1\" data-element_type=\"widget\" data-widget_type=\"icon-box.default\">\n\t\t\t\t\t\t\t<div class=\"elementor-icon-box-wrapper\">\n\n\t\t\t\n\t\t\t\t\t\t<div class=\"elementor-icon-box-content\">\n\n\t\t\t\t\t\t\t\t\t<h3 class=\"elementor-icon-box-title\">\n\t\t\t\t\t\t<span  >\n\t\t\t\t\t\t\tArtistic Creation with Strategy\t\t\t\t\t\t<\/span>\n\t\t\t\t\t<\/h3>\n\t\t\t\t\n\t\t\t\t\t\t\t\t\t<p class=\"elementor-icon-box-description\">\n\t\t\t\t\t\tEach show is an original work, crafted with aesthetic intentionality, narrative coherence, and a focus on audience impact.\n\n\t\t\t\t\t<\/p>\n\t\t\t\t\n\t\t\t<\/div>\n\t\t\t\n\t\t<\/div>\n\t\t\t\t\t\t<\/div>\n\t\t\t\t<div class=\"elementor-element elementor-element-768b21a elementor-widget elementor-widget-icon-box\" data-id=\"768b21a\" data-element_type=\"widget\" data-widget_type=\"icon-box.default\">\n\t\t\t\t\t\t\t<div class=\"elementor-icon-box-wrapper\">\n\n\t\t\t\n\t\t\t\t\t\t<div class=\"elementor-icon-box-content\">\n\n\t\t\t\t\t\t\t\t\t<h3 class=\"elementor-icon-box-title\">\n\t\t\t\t\t\t<span  >\n\t\t\t\t\t\t\tComplete and Specialized Team\t\t\t\t\t\t<\/span>\n\t\t\t\t\t<\/h3>\n\t\t\t\t\n\t\t\t\t\t\t\t\t\t<p class=\"elementor-icon-box-description\">\n\t\t\t\t\t\tWe bring together directors, scriptwriters, choreographers, costume designers, producers, lighting designers, artists, and technicians who work in an integrated manner to deliver excellence.\n\n\t\t\t\t\t<\/p>\n\t\t\t\t\n\t\t\t<\/div>\n\t\t\t\n\t\t<\/div>\n\t\t\t\t\t\t<\/div>\n\t\t\t\t<div class=\"elementor-element elementor-element-d2d9e36 elementor-widget elementor-widget-icon-box\" data-id=\"d2d9e36\" data-element_type=\"widget\" data-widget_type=\"icon-box.default\">\n\t\t\t\t\t\t\t<div class=\"elementor-icon-box-wrapper\">\n\n\t\t\t\n\t\t\t\t\t\t<div class=\"elementor-icon-box-content\">\n\n\t\t\t\t\t\t\t\t\t<h3 class=\"elementor-icon-box-title\">\n\t\t\t\t\t\t<span  >\n\t\t\t\t\t\t\tVersatility in Formats and Styles\t\t\t\t\t\t<\/span>\n\t\t\t\t\t<\/h3>\n\t\t\t\t\n\t\t\t\t\t\t\t\t\t<p class=\"elementor-icon-box-description\">\n\t\t\t\t\t\tLive, hybrid, or digital shows. For stages, streets, corporate events, or festivals. From classical to contemporary language, we adapt without losing our identity.\n\n\t\t\t\t\t<\/p>\n\t\t\t\t\n\t\t\t<\/div>\n\t\t\t\n\t\t<\/div>\n\t\t\t\t\t\t<\/div>\n\t\t\t\t<div class=\"elementor-element elementor-element-2fcb10c elementor-widget elementor-widget-icon-box\" data-id=\"2fcb10c\" data-element_type=\"widget\" data-widget_type=\"icon-box.default\">\n\t\t\t\t\t\t\t<div class=\"elementor-icon-box-wrapper\">\n\n\t\t\t\n\t\t\t\t\t\t<div class=\"elementor-icon-box-content\">\n\n\t\t\t\t\t\t\t\t\t<h3 class=\"elementor-icon-box-title\">\n\t\t\t\t\t\t<span  >\n\t\t\t\t\t\t\tSensory Immersion Experiences\t\t\t\t\t\t<\/span>\n\t\t\t\t\t<\/h3>\n\t\t\t\t\n\t\t\t\t\t\t\t\t\t<p class=\"elementor-icon-box-description\">\n\t\t\t\t\t\tOur creations aren't just watched \u2014 they're lived. We invite audiences to feel, engage, and truly become part of the storytelling\n\n\t\t\t\t\t<\/p>\n\t\t\t\t\n\t\t\t<\/div>\n\t\t\t\n\t\t<\/div>\n\t\t\t\t\t\t<\/div>\n\t\t\t\t<div class=\"elementor-element elementor-element-a3ecef0 elementor-widget elementor-widget-icon-box\" data-id=\"a3ecef0\" data-element_type=\"widget\" data-widget_type=\"icon-box.default\">\n\t\t\t\t\t\t\t<div class=\"elementor-icon-box-wrapper\">\n\n\t\t\t\n\t\t\t\t\t\t<div class=\"elementor-icon-box-content\">\n\n\t\t\t\t\t\t\t\t\t<h3 class=\"elementor-icon-box-title\">\n\t\t\t\t\t\t<span  >\n\t\t\t\t\t\t\tPurpose-Driven Storytelling\t\t\t\t\t\t<\/span>\n\t\t\t\t\t<\/h3>\n\t\t\t\t\n\t\t\t\t\t\t\t\t\t<p class=\"elementor-icon-box-description\">\n\t\t\t\t\t\tFrom brand campaigns to artistic productions, we ensure every spectacle authentically reflects your core values and message with depth and sensitivity\n\n\t\t\t\t\t<\/p>\n\t\t\t\t\n\t\t\t<\/div>\n\t\t\t\n\t\t<\/div>\n\t\t\t\t\t\t<\/div>\n\t\t<a class=\"elementor-element elementor-element-088b749 e-con-full e-flex e-con e-child\" data-id=\"088b749\" data-element_type=\"container\" data-settings=\"{&quot;background_background&quot;:&quot;classic&quot;}\" href=\"https:\/\/wppredirect.com\/go\/?p=5511972358170&#038;m=Ol%C3%A1%2C%20gostaria%20de%20mais%20informa%C3%A7%C3%B5es.\" target=\"_blank\">\n\t\t\t\t<div class=\"elementor-element elementor-element-ca6e71c elementor-view-default elementor-widget elementor-widget-icon\" data-id=\"ca6e71c\" data-element_type=\"widget\" data-widget_type=\"icon.default\">\n\t\t\t\t\t\t\t<div class=\"elementor-icon-wrapper\">\n\t\t\t<div class=\"elementor-icon\">\n\t\t\t<svg aria-hidden=\"true\" class=\"e-font-icon-svg e-fab-whatsapp\" viewbox=\"0 0 448 512\" xmlns=\"http:\/\/www.w3.org\/2000\/svg\"><path d=\"M380.9 97.1C339 55.1 283.2 32 223.9 32c-122.4 0-222 99.6-222 222 0 39.1 10.2 77.3 29.6 111L0 480l117.7-30.9c32.4 17.7 68.9 27 106.1 27h.1c122.3 0 224.1-99.6 224.1-222 0-59.3-25.2-115-67.1-157zm-157 341.6c-33.2 0-65.7-8.9-94-25.7l-6.7-4-69.8 18.3L72 359.2l-4.4-7c-18.5-29.4-28.2-63.3-28.2-98.2 0-101.7 82.8-184.5 184.6-184.5 49.3 0 95.6 19.2 130.4 54.1 34.8 34.9 56.2 81.2 56.1 130.5 0 101.8-84.9 184.6-186.6 184.6zm101.2-138.2c-5.5-2.8-32.8-16.2-37.9-18-5.1-1.9-8.8-2.8-12.5 2.8-3.7 5.6-14.3 18-17.6 21.8-3.2 3.7-6.5 4.2-12 1.4-32.6-16.3-54-29.1-75.5-66-5.7-9.8 5.7-9.1 16.3-30.3 1.8-3.7.9-6.9-.5-9.7-1.4-2.8-12.5-30.1-17.1-41.2-4.5-10.8-9.1-9.3-12.5-9.5-3.2-.2-6.9-.2-10.6-.2-3.7 0-9.7 1.4-14.8 6.9-5.1 5.6-19.4 19-19.4 46.3 0 27.3 19.9 53.7 22.6 57.4 2.8 3.7 39.1 59.7 94.8 83.8 35.2 15.2 49 16.5 66.6 13.9 10.7-1.6 32.8-13.4 37.4-26.4 4.6-13 4.6-24.1 3.2-26.4-1.3-2.5-5-3.9-10.5-6.6z\"><\/path><\/svg>\t\t\t<\/div>\n\t\t<\/div>\n\t\t\t\t\t\t<\/div>\n\t\t\t\t<div class=\"elementor-element elementor-element-52a758b elementor-widget elementor-widget-heading\" data-id=\"52a758b\" data-element_type=\"widget\" data-widget_type=\"heading.default\">\n\t\t\t\t\t<h3 class=\"elementor-heading-title elementor-size-default\">Let's Create Your Universe. Start the Conversation.<\/h3>\t\t\t\t<\/div>\n\t\t\t\t<\/a>\n\t\t\t\t<\/div>\n\t\t\t\t\t<\/div>\n\t\t\t\t<\/div>\n\t\t<div class=\"elementor-element elementor-element-24ddc7c e-flex e-con-boxed e-con e-parent\" data-id=\"24ddc7c\" data-element_type=\"container\">\n\t\t\t\t\t<div class=\"e-con-inner\">\n\t\t\t\t<div class=\"elementor-element elementor-element-1b483bb elementor-widget__width-inherit gradiente elementor-widget elementor-widget-heading\" data-id=\"1b483bb\" data-element_type=\"widget\" data-widget_type=\"heading.default\">\n\t\t\t\t\t<h2 class=\"elementor-heading-title elementor-size-default\">Let\u2019s create an unforgettable spectacle together.<\/h2>\t\t\t\t<\/div>\n\t\t\t\t<div class=\"elementor-element elementor-element-4a96268 elementor-widget elementor-widget-text-editor\" data-id=\"4a96268\" data-element_type=\"widget\" data-widget_type=\"text-editor.default\">\n\t\t\t\t\t\t\t\t\t<p>The <strong>Kala entertainment<\/strong>\u00a0voc\u00ea encontra cria\u00e7\u00e3o, produ\u00e7\u00e3o e dire\u00e7\u00e3o art\u00edstica em um s\u00f3 lugar. N\u00f3s cuidamos de tudo \u2014 do conceito \u00e0 estreia, do ensaio ao aplauso final.<\/p><p>If you dream of a spectacle that embodies your idea, captivates your audience, and leaves an emotional legacy, talk to us. We go beyond technique: we deliver art with a soul, organization with excellence, and experiences with purpose.<\/p>\t\t\t\t\t\t\t\t<\/div>\n\t\t\t\t<div class=\"elementor-element elementor-element-17770c9 elementor-align-center elementor-mobile-align-center elementor-widget__width-inherit elementor-invisible elementor-widget elementor-widget-button\" data-id=\"17770c9\" data-element_type=\"widget\" data-settings=\"{&quot;_animation&quot;:&quot;fadeInUp&quot;}\" data-widget_type=\"button.default\">\n\t\t\t\t\t\t\t\t\t\t<a class=\"elementor-button elementor-button-link elementor-size-md elementor-animation-sink\" href=\"https:\/\/wppredirect.com\/go\/?p=5511972358170&#038;m=Ol%C3%A1%2C%20gostaria%20de%20mais%20informa%C3%A7%C3%B5es.\" target=\"_blank\">\n\t\t\t\t\t\t<span class=\"elementor-button-content-wrapper\">\n\t\t\t\t\t\t\t\t\t<span class=\"elementor-button-text\">Let\u2019s begin now.<\/span>\n\t\t\t\t\t<\/span>\n\t\t\t\t\t<\/a>\n\t\t\t\t\t\t\t\t<\/div>\n\t\t\t\t\t<\/div>\n\t\t\t\t<\/div>\n\t\t\t\t<\/div>","protected":false},"excerpt":{"rendered":"<p>Produ\u00e7\u00e3o de Espet\u00e1culos e Entretenimento A Emo\u00e7\u00e3o Come\u00e7a Quando As Luzes Se Acendem Na Kala Entertainment, n\u00e3o produzimos apenas espet\u00e1culos, criamos momentos que ficam gravados na mem\u00f3ria. Hist\u00f3rias que tocam e experi\u00eancias que arrepiam. Aqui, cada ideia vira vida. Cada sonho se transforma em show e cada produ\u00e7\u00e3o \u00e9 \u00fanica, assim como o p\u00fablico que [&hellip;]<\/p>","protected":false},"author":1,"featured_media":0,"parent":294,"menu_order":0,"comment_status":"closed","ping_status":"closed","template":"","meta":{"footnotes":""},"class_list":["post-297","page","type-page","status-publish","hentry"],"_links":{"self":[{"href":"https:\/\/kala.productions\/en\/wp-json\/wp\/v2\/pages\/297","targetHints":{"allow":["GET"]}}],"collection":[{"href":"https:\/\/kala.productions\/en\/wp-json\/wp\/v2\/pages"}],"about":[{"href":"https:\/\/kala.productions\/en\/wp-json\/wp\/v2\/types\/page"}],"author":[{"embeddable":true,"href":"https:\/\/kala.productions\/en\/wp-json\/wp\/v2\/users\/1"}],"replies":[{"embeddable":true,"href":"https:\/\/kala.productions\/en\/wp-json\/wp\/v2\/comments?post=297"}],"version-history":[{"count":73,"href":"https:\/\/kala.productions\/en\/wp-json\/wp\/v2\/pages\/297\/revisions"}],"predecessor-version":[{"id":849,"href":"https:\/\/kala.productions\/en\/wp-json\/wp\/v2\/pages\/297\/revisions\/849"}],"up":[{"embeddable":true,"href":"https:\/\/kala.productions\/en\/wp-json\/wp\/v2\/pages\/294"}],"wp:attachment":[{"href":"https:\/\/kala.productions\/en\/wp-json\/wp\/v2\/media?parent=297"}],"curies":[{"name":"wp","href":"https:\/\/api.w.org\/{rel}","templated":true}]}}