{"id":294,"date":"2025-05-25T12:57:45","date_gmt":"2025-05-25T15:57:45","guid":{"rendered":"http:\/\/kala.productions\/?page_id=294"},"modified":"2025-09-21T17:57:38","modified_gmt":"2025-09-21T20:57:38","slug":"projetos","status":"publish","type":"page","link":"https:\/\/kala.productions\/en\/projetos\/","title":{"rendered":"Portif\u00f3lio"},"content":{"rendered":"<div data-elementor-type=\"wp-page\" data-elementor-id=\"294\" class=\"elementor elementor-294\" data-elementor-post-type=\"page\">\n\t\t\t\t<div class=\"elementor-element elementor-element-1e04a3b e-flex e-con-boxed e-con e-parent\" data-id=\"1e04a3b\" data-element_type=\"container\" data-settings=\"{&quot;background_background&quot;:&quot;gradient&quot;}\">\n\t\t\t\t\t<div class=\"e-con-inner\">\n\t\t\t\t<div class=\"elementor-element elementor-element-c040a4a elementor-widget__width-inherit elementor-widget elementor-widget-heading\" data-id=\"c040a4a\" data-element_type=\"widget\" data-widget_type=\"heading.default\">\n\t\t\t\t\t<h1 class=\"elementor-heading-title elementor-size-default\">Nossa Galeria de Experi\u00eancias<\/h1>\t\t\t\t<\/div>\n\t\t\t\t\t<\/div>\n\t\t\t\t<\/div>\n\t\t<div class=\"elementor-element elementor-element-21586ba e-flex e-con-boxed e-con e-parent\" data-id=\"21586ba\" data-element_type=\"container\" data-settings=\"{&quot;background_background&quot;:&quot;classic&quot;}\">\n\t\t\t\t\t<div class=\"e-con-inner\">\n\t\t<div class=\"elementor-element elementor-element-5c4f7e3 animated-slow e-con-full e-flex elementor-invisible e-con e-child\" data-id=\"5c4f7e3\" data-element_type=\"container\" data-settings=\"{&quot;animation&quot;:&quot;fadeIn&quot;}\">\n\t\t<div class=\"elementor-element elementor-element-8ba8d45 e-con-full e-grid e-con e-child\" data-id=\"8ba8d45\" data-element_type=\"container\">\n\t\t<div class=\"elementor-element elementor-element-28c1bd8 e-con-full e-flex elementor-invisible e-con e-child\" data-id=\"28c1bd8\" data-element_type=\"container\" data-settings=\"{&quot;animation&quot;:&quot;fadeInUp&quot;,&quot;animation_delay&quot;:200}\">\n\t\t\t\t<div class=\"elementor-element elementor-element-a168259 elementor-widget elementor-widget-image\" data-id=\"a168259\" data-element_type=\"widget\" data-settings=\"{&quot;motion_fx_motion_fx_mouse&quot;:&quot;yes&quot;,&quot;motion_fx_tilt_effect&quot;:&quot;yes&quot;,&quot;motion_fx_tilt_speed&quot;:{&quot;unit&quot;:&quot;px&quot;,&quot;size&quot;:1,&quot;sizes&quot;:[]}}\" data-widget_type=\"image.default\">\n\t\t\t\t\t\t\t\t\t\t\t\t\t\t\t\t<a href=\"http:\/\/kala.productions\/en\/projetos\/producao-de-espetaculos-e-entretenimento\/\">\n\t\t\t\t\t\t\t<img fetchpriority=\"high\" decoding=\"async\" width=\"670\" height=\"750\" src=\"https:\/\/kala.productions\/wp-content\/uploads\/2025\/04\/coreografia.webp\" class=\"attachment-full size-full wp-image-102\" alt=\"\" srcset=\"https:\/\/kala.productions\/wp-content\/uploads\/2025\/04\/coreografia.webp 670w, https:\/\/kala.productions\/wp-content\/uploads\/2025\/04\/coreografia-268x300.webp 268w\" sizes=\"(max-width: 670px) 100vw, 670px\" \/>\t\t\t\t\t\t\t\t<\/a>\n\t\t\t\t\t\t\t\t\t\t\t\t\t\t\t<\/div>\n\t\t\t\t<div class=\"elementor-element elementor-element-b75f3c8 elementor-widget elementor-widget-heading\" data-id=\"b75f3c8\" data-element_type=\"widget\" data-widget_type=\"heading.default\">\n\t\t\t\t\t<h2 class=\"elementor-heading-title elementor-size-default\"><a href=\"http:\/\/kala.productions\/en\/projetos\/producao-de-espetaculos-e-entretenimento\/\">Immersive Entertainment &amp; Spectacle Production  <\/a><\/h2>\t\t\t\t<\/div>\n\t\t\t\t<\/div>\n\t\t<div class=\"elementor-element elementor-element-de08bed e-con-full e-flex elementor-invisible e-con e-child\" data-id=\"de08bed\" data-element_type=\"container\" data-settings=\"{&quot;animation&quot;:&quot;fadeInUp&quot;,&quot;animation_delay&quot;:200}\">\n\t\t\t\t<div class=\"elementor-element elementor-element-dbd28e9 elementor-widget elementor-widget-image\" data-id=\"dbd28e9\" data-element_type=\"widget\" data-settings=\"{&quot;motion_fx_motion_fx_mouse&quot;:&quot;yes&quot;,&quot;motion_fx_tilt_effect&quot;:&quot;yes&quot;,&quot;motion_fx_tilt_speed&quot;:{&quot;unit&quot;:&quot;px&quot;,&quot;size&quot;:1,&quot;sizes&quot;:[]}}\" data-widget_type=\"image.default\">\n\t\t\t\t\t\t\t\t\t\t\t\t\t\t\t\t<a href=\"http:\/\/kala.productions\/en\/projetos\/ensaios-fotograficos-e-festas\/\">\n\t\t\t\t\t\t\t<img decoding=\"async\" width=\"670\" height=\"750\" src=\"https:\/\/kala.productions\/wp-content\/uploads\/2025\/04\/videoclips.webp\" class=\"attachment-full size-full wp-image-100\" alt=\"\" srcset=\"https:\/\/kala.productions\/wp-content\/uploads\/2025\/04\/videoclips.webp 670w, https:\/\/kala.productions\/wp-content\/uploads\/2025\/04\/videoclips-268x300.webp 268w\" sizes=\"(max-width: 670px) 100vw, 670px\" \/>\t\t\t\t\t\t\t\t<\/a>\n\t\t\t\t\t\t\t\t\t\t\t\t\t\t\t<\/div>\n\t\t\t\t<div class=\"elementor-element elementor-element-8d2be6e elementor-widget elementor-widget-heading\" data-id=\"8d2be6e\" data-element_type=\"widget\" data-widget_type=\"heading.default\">\n\t\t\t\t\t<h2 class=\"elementor-heading-title elementor-size-default\"><a href=\"http:\/\/kala.productions\/en\/projetos\/ensaios-fotograficos-e-festas\/\">Lifestyle Photography &amp; Celebrations<\/a><\/h2>\t\t\t\t<\/div>\n\t\t\t\t<\/div>\n\t\t<div class=\"elementor-element elementor-element-48c66ea e-con-full e-flex elementor-invisible e-con e-child\" data-id=\"48c66ea\" data-element_type=\"container\" data-settings=\"{&quot;animation&quot;:&quot;fadeInUp&quot;,&quot;animation_delay&quot;:200}\">\n\t\t\t\t<div class=\"elementor-element elementor-element-49b3cc3 elementor-widget elementor-widget-image\" data-id=\"49b3cc3\" data-element_type=\"widget\" data-settings=\"{&quot;motion_fx_motion_fx_mouse&quot;:&quot;yes&quot;,&quot;motion_fx_tilt_effect&quot;:&quot;yes&quot;,&quot;motion_fx_tilt_direction&quot;:&quot;negative&quot;,&quot;motion_fx_tilt_speed&quot;:{&quot;unit&quot;:&quot;px&quot;,&quot;size&quot;:1,&quot;sizes&quot;:[]}}\" data-widget_type=\"image.default\">\n\t\t\t\t\t\t\t\t\t\t\t\t\t\t\t\t<a href=\"http:\/\/kala.productions\/en\/projetos\/criacao-de-figurinos-e-identidade-visual\/\">\n\t\t\t\t\t\t\t<img decoding=\"async\" width=\"670\" height=\"750\" src=\"https:\/\/kala.productions\/wp-content\/uploads\/2025\/04\/figurino.webp\" class=\"attachment-full size-full wp-image-98\" alt=\"\" srcset=\"https:\/\/kala.productions\/wp-content\/uploads\/2025\/04\/figurino.webp 670w, https:\/\/kala.productions\/wp-content\/uploads\/2025\/04\/figurino-268x300.webp 268w\" sizes=\"(max-width: 670px) 100vw, 670px\" \/>\t\t\t\t\t\t\t\t<\/a>\n\t\t\t\t\t\t\t\t\t\t\t\t\t\t\t<\/div>\n\t\t\t\t<div class=\"elementor-element elementor-element-b6bcd16 elementor-widget elementor-widget-heading\" data-id=\"b6bcd16\" data-element_type=\"widget\" data-widget_type=\"heading.default\">\n\t\t\t\t\t<h2 class=\"elementor-heading-title elementor-size-default\"><a href=\"http:\/\/kala.productions\/en\/projetos\/criacao-de-figurinos-e-identidade-visual\/\">Visual Storytelling  <\/a><\/h2>\t\t\t\t<\/div>\n\t\t\t\t<\/div>\n\t\t<div class=\"elementor-element elementor-element-0bf9056 e-con-full e-flex elementor-invisible e-con e-child\" data-id=\"0bf9056\" data-element_type=\"container\" data-settings=\"{&quot;animation&quot;:&quot;fadeInUp&quot;,&quot;animation_delay&quot;:200}\">\n\t\t\t\t<div class=\"elementor-element elementor-element-9a5e251 elementor-widget elementor-widget-image\" data-id=\"9a5e251\" data-element_type=\"widget\" data-settings=\"{&quot;motion_fx_motion_fx_mouse&quot;:&quot;yes&quot;,&quot;motion_fx_tilt_effect&quot;:&quot;yes&quot;,&quot;motion_fx_tilt_direction&quot;:&quot;negative&quot;,&quot;motion_fx_tilt_speed&quot;:{&quot;unit&quot;:&quot;px&quot;,&quot;size&quot;:1,&quot;sizes&quot;:[]}}\" data-widget_type=\"image.default\">\n\t\t\t\t\t\t\t\t\t\t\t\t\t\t\t\t<a href=\"http:\/\/kala.productions\/en\/projetos\/entretenimento-publicidade-e-marcas\/\">\n\t\t\t\t\t\t\t<img loading=\"lazy\" decoding=\"async\" width=\"670\" height=\"750\" src=\"https:\/\/kala.productions\/wp-content\/uploads\/2025\/04\/publicidade.webp\" class=\"attachment-full size-full wp-image-101\" alt=\"\" srcset=\"https:\/\/kala.productions\/wp-content\/uploads\/2025\/04\/publicidade.webp 670w, https:\/\/kala.productions\/wp-content\/uploads\/2025\/04\/publicidade-268x300.webp 268w\" sizes=\"(max-width: 670px) 100vw, 670px\" \/>\t\t\t\t\t\t\t\t<\/a>\n\t\t\t\t\t\t\t\t\t\t\t\t\t\t\t<\/div>\n\t\t\t\t<div class=\"elementor-element elementor-element-5ff36b8 elementor-widget elementor-widget-heading\" data-id=\"5ff36b8\" data-element_type=\"widget\" data-widget_type=\"heading.default\">\n\t\t\t\t\t<h2 class=\"elementor-heading-title elementor-size-default\"><a href=\"http:\/\/kala.productions\/en\/projetos\/entretenimento-publicidade-e-marcas\/\">Advertising &amp; Brand Experiences<\/a><\/h2>\t\t\t\t<\/div>\n\t\t\t\t<\/div>\n\t\t\t\t<\/div>\n\t\t\t\t<div class=\"elementor-element elementor-element-3f5062a elementor-align-center elementor-mobile-align-center elementor-widget__width-inherit elementor-invisible elementor-widget elementor-widget-button\" data-id=\"3f5062a\" data-element_type=\"widget\" data-settings=\"{&quot;_animation&quot;:&quot;fadeInUp&quot;}\" data-widget_type=\"button.default\">\n\t\t\t\t\t\t\t\t\t\t<a class=\"elementor-button elementor-button-link elementor-size-md elementor-animation-sink\" href=\"https:\/\/wppredirect.com\/go\/?p=5511972358170&#038;m=Ol%C3%A1%2C%20gostaria%20de%20mais%20informa%C3%A7%C3%B5es.\">\n\t\t\t\t\t\t<span class=\"elementor-button-content-wrapper\">\n\t\t\t\t\t\t\t\t\t<span class=\"elementor-button-text\">Let's Create Your Universe. Start the Conversation.<\/span>\n\t\t\t\t\t<\/span>\n\t\t\t\t\t<\/a>\n\t\t\t\t\t\t\t\t<\/div>\n\t\t\t\t<\/div>\n\t\t\t\t\t<\/div>\n\t\t\t\t<\/div>\n\t\t\t\t<\/div>","protected":false},"excerpt":{"rendered":"<p>Nossa Galeria de Experi\u00eancias Produ\u00e7\u00e3o de Espet\u00e1culos e Entretenimento Ensaios Fotogr\u00e1ficos e Festas Cria\u00e7\u00e3o de Figurinos e Identidade Visual Entretenimento para Publicidade e Marcas Solicite um or\u00e7amento<\/p>","protected":false},"author":1,"featured_media":0,"parent":0,"menu_order":0,"comment_status":"closed","ping_status":"closed","template":"","meta":{"footnotes":""},"class_list":["post-294","page","type-page","status-publish","hentry"],"_links":{"self":[{"href":"https:\/\/kala.productions\/en\/wp-json\/wp\/v2\/pages\/294","targetHints":{"allow":["GET"]}}],"collection":[{"href":"https:\/\/kala.productions\/en\/wp-json\/wp\/v2\/pages"}],"about":[{"href":"https:\/\/kala.productions\/en\/wp-json\/wp\/v2\/types\/page"}],"author":[{"embeddable":true,"href":"https:\/\/kala.productions\/en\/wp-json\/wp\/v2\/users\/1"}],"replies":[{"embeddable":true,"href":"https:\/\/kala.productions\/en\/wp-json\/wp\/v2\/comments?post=294"}],"version-history":[{"count":16,"href":"https:\/\/kala.productions\/en\/wp-json\/wp\/v2\/pages\/294\/revisions"}],"predecessor-version":[{"id":799,"href":"https:\/\/kala.productions\/en\/wp-json\/wp\/v2\/pages\/294\/revisions\/799"}],"wp:attachment":[{"href":"https:\/\/kala.productions\/en\/wp-json\/wp\/v2\/media?parent=294"}],"curies":[{"name":"wp","href":"https:\/\/api.w.org\/{rel}","templated":true}]}}